{"id":4101,"date":"2016-08-23T12:28:56","date_gmt":"2016-08-23T10:28:56","guid":{"rendered":"http:\/\/www.antemeta.fr\/about-us\/company\/equipes\/"},"modified":"2026-03-31T12:07:20","modified_gmt":"2026-03-31T10:07:20","slug":"teams","status":"publish","type":"page","link":"https:\/\/antemeta.prod.rd.kaas.antemeta.io\/en\/about-us\/company\/teams\/","title":{"rendered":"Our teams"},"content":{"rendered":"<p class=\"intro\" style=\"text-align: justify;\">AntemetA\u2019s teams cover the whole of France and are organised into different service departments and centres of expertise. Every AntemetA technician works in conjunction with our 5 centres of expertise in order to respond to our customers\u2019 needs as accurately and as quickly as possible.<\/p>\n\n\n<pre class=\"wp-block-code\"><code><\/code><\/pre>\n\n\n\n<div class=\"wp-block-media-text is-stacked-on-mobile\"><figure class=\"wp-block-media-text__media\"><img decoding=\"async\" width=\"827\" height=\"1024\" data-src=\"\/wp-content\/uploads\/2019\/09\/SBL-e1568899350572-827x1024.jpg\" alt=\"test\" class=\"wp-image-6024 size-full lazyload\" data-srcset=\"\/wp-content\/uploads\/2019\/09\/SBL-e1568899350572-827x1024.jpg 827w, \/wp-content\/uploads\/2019\/09\/SBL-e1568899350572-242x300.jpg 242w, \/wp-content\/uploads\/2019\/09\/SBL-e1568899350572-768x951.jpg 768w, \/wp-content\/uploads\/2019\/09\/SBL-e1568899350572.jpg 1126w\" data-sizes=\"(max-width: 827px) 100vw, 827px\" src=\"data:image\/svg+xml;base64,PHN2ZyB3aWR0aD0iMSIgaGVpZ2h0PSIxIiB4bWxucz0iaHR0cDovL3d3dy53My5vcmcvMjAwMC9zdmciPjwvc3ZnPg==\" style=\"--smush-placeholder-width: 827px; --smush-placeholder-aspect-ratio: 827\/1024;\" \/><\/figure><div class=\"wp-block-media-text__content\">\n<p class=\"has-small-font-size\">Petit-fils d\u2019entrepreneur, St\u00e9phane Blanc a commenc\u00e9 sa carri\u00e8re chez Thomainfor (ex-Osiatis), une filiale de Thomson, sp\u00e9cialis\u00e9e dans le brokerage et les disques compatibles en environnement Mini, Mainframe, Gecos 6, 7 et 8. Responsable de Business Unit, il y acquiert une parfaite vision des tendances du march\u00e9.<\/p>\n\n\n\n<p class=\"has-small-font-size\">En 1995, fort de cette exp\u00e9rience, il cr\u00e9\u00e9 AntemetA, avec l\u2019intuition que les syst\u00e8mes de stockage de donn\u00e9es seront int\u00e9gr\u00e9s au c\u0153ur du syst\u00e8me d\u2019information. Son premier challenge et la base du succ\u00e8s d\u2019AntemetA sera de garantir une interop\u00e9rabilit\u00e9 des OS entre les SAN Open et les mondes UNIX (Solaris, HP-UX, AIX, Tru64).<\/p>\n\n\n\n<p class=\"has-small-font-size\">A la t\u00eate d\u2019AntemetA depuis maintenant 20 ans, St\u00e9phane Blanc a toujours la volont\u00e9, malgr\u00e9 la taille croissante de l\u2019entreprise, de conserver une ambiance familiale et de proximit\u00e9.<\/p>\n\n\n\n<p><\/p>\n<\/div><\/div>\n\n\n\n<script>\ndocument.querySelectorAll('.popup-media-text img').forEach(img => {\n  img.addEventListener('click', function() {\n    const text = this.closest('.popup-media-text').querySelector('.wp-block-media-text__content');\n    text.style.display = text.style.display === 'block' ? 'none' : 'block';\n  });\n});\n<\/script>\n","protected":false},"excerpt":{"rendered":"<p>AntemetA\u2019s teams cover the whole of France and are organised into different service departments and centres of expertise. Every AntemetA technician works in conjunction with our 5 centres of expertise in order to respond to our&#8230;<\/p>\n","protected":false},"author":1,"featured_media":8733,"parent":4097,"menu_order":1,"comment_status":"closed","ping_status":"closed","template":"tpl-equipes.php","meta":{"footnotes":""},"class_list":["post-4101","page","type-page","status-publish","has-post-thumbnail","hentry"],"yoast_head":"<!-- This site is optimized with the Yoast SEO plugin v27.0 - https:\/\/yoast.com\/product\/yoast-seo-wordpress\/ -->\n<title>Our teams - Antemeta<\/title>\n<meta name=\"robots\" content=\"index, follow, max-snippet:-1, max-image-preview:large, max-video-preview:-1\" \/>\n<link rel=\"canonical\" href=\"https:\/\/antemeta.prod.rd.kaas.antemeta.io\/qui-sommes-nous\/societe\/equipes\/\" \/>\n<meta property=\"og:locale\" content=\"en_US\" \/>\n<meta property=\"og:type\" content=\"article\" \/>\n<meta property=\"og:title\" content=\"Our teams - Antemeta\" \/>\n<meta property=\"og:description\" content=\"AntemetA\u2019s teams cover the whole of France and are organised into different service departments and centres of expertise. Every AntemetA technician works in conjunction with our 5 centres of expertise in order to respond to our...\" \/>\n<meta property=\"og:url\" content=\"https:\/\/antemeta.prod.rd.kaas.antemeta.io\/qui-sommes-nous\/societe\/equipes\/\" \/>\n<meta property=\"og:site_name\" content=\"Antemeta\" \/>\n<meta property=\"article:publisher\" content=\"https:\/\/www.facebook.com\/antemeta\" \/>\n<meta property=\"article:modified_time\" content=\"2026-03-31T10:07:20+00:00\" \/>\n<meta property=\"og:image\" content=\"https:\/\/antemeta.prod.rd.kaas.antemeta.io\/wp-content\/uploads\/2023\/06\/Emmanuel_CARJAT_HD_1.jpg\" \/>\n\t<meta property=\"og:image:width\" content=\"4166\" \/>\n\t<meta property=\"og:image:height\" content=\"3568\" \/>\n\t<meta property=\"og:image:type\" content=\"image\/jpeg\" \/>\n<meta name=\"twitter:card\" content=\"summary_large_image\" \/>\n<meta name=\"twitter:site\" content=\"@AntemetA\" \/>\n<meta name=\"twitter:label1\" content=\"Est. reading time\" \/>\n\t<meta name=\"twitter:data1\" content=\"1 minute\" \/>\n<script type=\"application\/ld+json\" class=\"yoast-schema-graph\">{\"@context\":\"https:\/\/schema.org\",\"@graph\":[{\"@type\":\"WebPage\",\"@id\":\"https:\/\/antemeta.prod.rd.kaas.antemeta.io\/qui-sommes-nous\/societe\/equipes\/\",\"url\":\"https:\/\/antemeta.prod.rd.kaas.antemeta.io\/qui-sommes-nous\/societe\/equipes\/\",\"name\":\"Our teams - Antemeta\",\"isPartOf\":{\"@id\":\"https:\/\/antemeta.prod.rd.kaas.antemeta.io\/#website\"},\"primaryImageOfPage\":{\"@id\":\"https:\/\/antemeta.prod.rd.kaas.antemeta.io\/qui-sommes-nous\/societe\/equipes\/#primaryimage\"},\"image\":{\"@id\":\"https:\/\/antemeta.prod.rd.kaas.antemeta.io\/qui-sommes-nous\/societe\/equipes\/#primaryimage\"},\"thumbnailUrl\":\"\/wp-content\/uploads\/2023\/06\/Emmanuel_CARJAT_HD_1.jpg\",\"datePublished\":\"2016-08-23T10:28:56+00:00\",\"dateModified\":\"2026-03-31T10:07:20+00:00\",\"breadcrumb\":{\"@id\":\"https:\/\/antemeta.prod.rd.kaas.antemeta.io\/qui-sommes-nous\/societe\/equipes\/#breadcrumb\"},\"inLanguage\":\"en-US\",\"potentialAction\":[{\"@type\":\"ReadAction\",\"target\":[\"https:\/\/antemeta.prod.rd.kaas.antemeta.io\/qui-sommes-nous\/societe\/equipes\/\"]}]},{\"@type\":\"ImageObject\",\"inLanguage\":\"en-US\",\"@id\":\"https:\/\/antemeta.prod.rd.kaas.antemeta.io\/qui-sommes-nous\/societe\/equipes\/#primaryimage\",\"url\":\"\/wp-content\/uploads\/2023\/06\/Emmanuel_CARJAT_HD_1.jpg\",\"contentUrl\":\"\/wp-content\/uploads\/2023\/06\/Emmanuel_CARJAT_HD_1.jpg\",\"width\":4166,\"height\":3568},{\"@type\":\"BreadcrumbList\",\"@id\":\"https:\/\/antemeta.prod.rd.kaas.antemeta.io\/qui-sommes-nous\/societe\/equipes\/#breadcrumb\",\"itemListElement\":[{\"@type\":\"ListItem\",\"position\":1,\"name\":\"Accueil\",\"item\":\"https:\/\/antemeta.prod.rd.kaas.antemeta.io\/en\/\"},{\"@type\":\"ListItem\",\"position\":2,\"name\":\"About us\",\"item\":\"https:\/\/antemeta.prod.rd.kaas.antemeta.io\/en\/about-us\/\"},{\"@type\":\"ListItem\",\"position\":3,\"name\":\"Company\",\"item\":\"https:\/\/antemeta.prod.rd.kaas.antemeta.io\/en\/about-us\/company\/\"},{\"@type\":\"ListItem\",\"position\":4,\"name\":\"Our teams\"}]},{\"@type\":\"WebSite\",\"@id\":\"https:\/\/antemeta.prod.rd.kaas.antemeta.io\/#website\",\"url\":\"https:\/\/antemeta.prod.rd.kaas.antemeta.io\/\",\"name\":\"Antemeta\",\"description\":\"\",\"potentialAction\":[{\"@type\":\"SearchAction\",\"target\":{\"@type\":\"EntryPoint\",\"urlTemplate\":\"https:\/\/antemeta.prod.rd.kaas.antemeta.io\/?s={search_term_string}\"},\"query-input\":{\"@type\":\"PropertyValueSpecification\",\"valueRequired\":true,\"valueName\":\"search_term_string\"}}],\"inLanguage\":\"en-US\"}]}<\/script>\n<!-- \/ Yoast SEO plugin. -->","yoast_head_json":{"title":"Our teams - Antemeta","robots":{"index":"index","follow":"follow","max-snippet":"max-snippet:-1","max-image-preview":"max-image-preview:large","max-video-preview":"max-video-preview:-1"},"canonical":"https:\/\/antemeta.prod.rd.kaas.antemeta.io\/qui-sommes-nous\/societe\/equipes\/","og_locale":"en_US","og_type":"article","og_title":"Our teams - Antemeta","og_description":"AntemetA\u2019s teams cover the whole of France and are organised into different service departments and centres of expertise. Every AntemetA technician works in conjunction with our 5 centres of expertise in order to respond to our...","og_url":"https:\/\/antemeta.prod.rd.kaas.antemeta.io\/qui-sommes-nous\/societe\/equipes\/","og_site_name":"Antemeta","article_publisher":"https:\/\/www.facebook.com\/antemeta","article_modified_time":"2026-03-31T10:07:20+00:00","og_image":[{"width":4166,"height":3568,"url":"https:\/\/antemeta.prod.rd.kaas.antemeta.io\/wp-content\/uploads\/2023\/06\/Emmanuel_CARJAT_HD_1.jpg","type":"image\/jpeg"}],"twitter_card":"summary_large_image","twitter_site":"@AntemetA","twitter_misc":{"Est. reading time":"1 minute"},"schema":{"@context":"https:\/\/schema.org","@graph":[{"@type":"WebPage","@id":"https:\/\/antemeta.prod.rd.kaas.antemeta.io\/qui-sommes-nous\/societe\/equipes\/","url":"https:\/\/antemeta.prod.rd.kaas.antemeta.io\/qui-sommes-nous\/societe\/equipes\/","name":"Our teams - Antemeta","isPartOf":{"@id":"https:\/\/antemeta.prod.rd.kaas.antemeta.io\/#website"},"primaryImageOfPage":{"@id":"https:\/\/antemeta.prod.rd.kaas.antemeta.io\/qui-sommes-nous\/societe\/equipes\/#primaryimage"},"image":{"@id":"https:\/\/antemeta.prod.rd.kaas.antemeta.io\/qui-sommes-nous\/societe\/equipes\/#primaryimage"},"thumbnailUrl":"\/wp-content\/uploads\/2023\/06\/Emmanuel_CARJAT_HD_1.jpg","datePublished":"2016-08-23T10:28:56+00:00","dateModified":"2026-03-31T10:07:20+00:00","breadcrumb":{"@id":"https:\/\/antemeta.prod.rd.kaas.antemeta.io\/qui-sommes-nous\/societe\/equipes\/#breadcrumb"},"inLanguage":"en-US","potentialAction":[{"@type":"ReadAction","target":["https:\/\/antemeta.prod.rd.kaas.antemeta.io\/qui-sommes-nous\/societe\/equipes\/"]}]},{"@type":"ImageObject","inLanguage":"en-US","@id":"https:\/\/antemeta.prod.rd.kaas.antemeta.io\/qui-sommes-nous\/societe\/equipes\/#primaryimage","url":"\/wp-content\/uploads\/2023\/06\/Emmanuel_CARJAT_HD_1.jpg","contentUrl":"\/wp-content\/uploads\/2023\/06\/Emmanuel_CARJAT_HD_1.jpg","width":4166,"height":3568},{"@type":"BreadcrumbList","@id":"https:\/\/antemeta.prod.rd.kaas.antemeta.io\/qui-sommes-nous\/societe\/equipes\/#breadcrumb","itemListElement":[{"@type":"ListItem","position":1,"name":"Accueil","item":"https:\/\/antemeta.prod.rd.kaas.antemeta.io\/en\/"},{"@type":"ListItem","position":2,"name":"About us","item":"https:\/\/antemeta.prod.rd.kaas.antemeta.io\/en\/about-us\/"},{"@type":"ListItem","position":3,"name":"Company","item":"https:\/\/antemeta.prod.rd.kaas.antemeta.io\/en\/about-us\/company\/"},{"@type":"ListItem","position":4,"name":"Our teams"}]},{"@type":"WebSite","@id":"https:\/\/antemeta.prod.rd.kaas.antemeta.io\/#website","url":"https:\/\/antemeta.prod.rd.kaas.antemeta.io\/","name":"Antemeta","description":"","potentialAction":[{"@type":"SearchAction","target":{"@type":"EntryPoint","urlTemplate":"https:\/\/antemeta.prod.rd.kaas.antemeta.io\/?s={search_term_string}"},"query-input":{"@type":"PropertyValueSpecification","valueRequired":true,"valueName":"search_term_string"}}],"inLanguage":"en-US"}]}},"_links":{"self":[{"href":"https:\/\/antemeta.prod.rd.kaas.antemeta.io\/en\/wp-json\/wp\/v2\/pages\/4101","targetHints":{"allow":["GET"]}}],"collection":[{"href":"https:\/\/antemeta.prod.rd.kaas.antemeta.io\/en\/wp-json\/wp\/v2\/pages"}],"about":[{"href":"https:\/\/antemeta.prod.rd.kaas.antemeta.io\/en\/wp-json\/wp\/v2\/types\/page"}],"author":[{"embeddable":true,"href":"https:\/\/antemeta.prod.rd.kaas.antemeta.io\/en\/wp-json\/wp\/v2\/users\/1"}],"replies":[{"embeddable":true,"href":"https:\/\/antemeta.prod.rd.kaas.antemeta.io\/en\/wp-json\/wp\/v2\/comments?post=4101"}],"version-history":[{"count":29,"href":"https:\/\/antemeta.prod.rd.kaas.antemeta.io\/en\/wp-json\/wp\/v2\/pages\/4101\/revisions"}],"predecessor-version":[{"id":8944,"href":"https:\/\/antemeta.prod.rd.kaas.antemeta.io\/en\/wp-json\/wp\/v2\/pages\/4101\/revisions\/8944"}],"up":[{"embeddable":true,"href":"https:\/\/antemeta.prod.rd.kaas.antemeta.io\/en\/wp-json\/wp\/v2\/pages\/4097"}],"wp:featuredmedia":[{"embeddable":true,"href":"https:\/\/antemeta.prod.rd.kaas.antemeta.io\/en\/wp-json\/wp\/v2\/media\/8733"}],"wp:attachment":[{"href":"https:\/\/antemeta.prod.rd.kaas.antemeta.io\/en\/wp-json\/wp\/v2\/media?parent=4101"}],"curies":[{"name":"wp","href":"https:\/\/api.w.org\/{rel}","templated":true}]}}